{"id":385,"date":"2024-07-24T14:06:39","date_gmt":"2024-07-24T14:06:39","guid":{"rendered":"https:\/\/bmklonfat.ch\/?page_id=385"},"modified":"2024-07-29T15:18:06","modified_gmt":"2024-07-29T15:18:06","slug":"writings-texts-poetry","status":"publish","type":"page","link":"https:\/\/bmklonfat.ch\/fr\/writings-texts-poetry\/","title":{"rendered":"Ecrits - Textes &amp; Po\u00e9sie"},"content":{"rendered":"<h2 class=\"wp-block-heading\">S\u00e9ries &amp; Webnovels<\/h2>\n\n\n\n<div style=\"height:57px\" aria-hidden=\"true\" class=\"wp-block-spacer\"><\/div>\n\n\n\n<h3 class=\"wp-block-heading\">Murmures de la for\u00eat sauvage - Paroles de r\u00e9confort pour l'\u00e2me souffrante<\/h3>\n\n\n\n<p class=\"has-small-font-size\"><em>Tu sors un matin dans la for\u00eat et alors que tu ne peux pas reconna\u00eetre le chemin pour ses changements, tu rencontres une femme aussi effrayante et belle que les arbres qui t'entourent.&nbsp;<br>Elle est l'esprit de la for\u00eat. Elle est ton Elen des voies.&nbsp;<br>Et elle a des choses \u00e0 te dire.&nbsp;<br>Elle te parlera de tes douleurs, de tes peurs, elle canalisera la voix de l'Univers et de tous ses esprits pour que tu comprennes \u00e0 quel point tu as \u00e9t\u00e9 fait \u00e0 l'image du monde et des \u00e9nergies qui t'entourent.<\/em><\/p>\n\n\n\n<p class=\"has-medium-font-size\"><a href=\"https:\/\/bmklonfat.ch\/fr\/series\/whispers-deep-forest\/\">&gt;&gt; Aller \u00e0 la s\u00e9rie<\/a> <\/p>\n\n\n\n<hr class=\"wp-block-separator has-alpha-channel-opacity\"\/>\n\n\n                <div class=\"ml-embedded\" data-form=\"pWRsME\"><\/div>\n            \n\n\n\n<div style=\"height:57px\" aria-hidden=\"true\" class=\"wp-block-spacer\"><\/div>","protected":false},"excerpt":{"rendered":"<p>Series &amp; Webnovels Whispers from the Wild Forest &#8211; Words of comfort for the suffering soul You walk out one morning into the forest and while you cannot recognise the path for its changes, you meet a woman as scary and beautiful as the trees around you.&nbsp;She is the Spirit of the Forest. She is your Elen of the Ways.&nbsp;And she has things to tell you.&nbsp;She will speak to you about your pain, your fears, she will channel the voice of the Universe and all its spirits for you to understand just how much you were made in the image of the world and the energies around you. &gt;&gt; Go &hellip; <\/p>\n<p class=\"link-more\"><a href=\"https:\/\/bmklonfat.ch\/fr\/writings-texts-poetry\/\" class=\"more-link\">Lire la suite de<span class=\"screen-reader-text\">\u00ab\u00a0Writings &#8211; Texts &amp; Poetry\u00a0\u00bb<\/span><\/a><\/p>","protected":false},"author":1,"featured_media":0,"parent":0,"menu_order":0,"comment_status":"closed","ping_status":"closed","template":"","meta":{"_et_pb_use_builder":"","_et_pb_old_content":"","_et_gb_content_width":"","footnotes":""},"class_list":["post-385","page","type-page","status-publish","hentry"],"jetpack_sharing_enabled":true,"jetpack_shortlink":"https:\/\/wp.me\/P5Ky59-6d","_links":{"self":[{"href":"https:\/\/bmklonfat.ch\/fr\/wp-json\/wp\/v2\/pages\/385","targetHints":{"allow":["GET"]}}],"collection":[{"href":"https:\/\/bmklonfat.ch\/fr\/wp-json\/wp\/v2\/pages"}],"about":[{"href":"https:\/\/bmklonfat.ch\/fr\/wp-json\/wp\/v2\/types\/page"}],"author":[{"embeddable":true,"href":"https:\/\/bmklonfat.ch\/fr\/wp-json\/wp\/v2\/users\/1"}],"replies":[{"embeddable":true,"href":"https:\/\/bmklonfat.ch\/fr\/wp-json\/wp\/v2\/comments?post=385"}],"version-history":[{"count":4,"href":"https:\/\/bmklonfat.ch\/fr\/wp-json\/wp\/v2\/pages\/385\/revisions"}],"predecessor-version":[{"id":409,"href":"https:\/\/bmklonfat.ch\/fr\/wp-json\/wp\/v2\/pages\/385\/revisions\/409"}],"wp:attachment":[{"href":"https:\/\/bmklonfat.ch\/fr\/wp-json\/wp\/v2\/media?parent=385"}],"curies":[{"name":"wp","href":"https:\/\/api.w.org\/{rel}","templated":true}]}}