{"id":430,"date":"2025-10-03T15:42:45","date_gmt":"2025-10-03T15:42:45","guid":{"rendered":"https:\/\/bmklonfat.ch\/?page_id=430"},"modified":"2025-10-28T11:14:31","modified_gmt":"2025-10-28T11:14:31","slug":"fissures-dorees","status":"publish","type":"page","link":"https:\/\/bmklonfat.ch\/fr\/fissures-dorees\/","title":{"rendered":"Fissures dor\u00e9es"},"content":{"rendered":"<h3 class=\"wp-block-heading has-text-align-center\">Histoire d&#8217;un coeur alchimis\u00e9<\/h3>\n\n\n<div class=\"wp-block-image\">\n<figure class=\"aligncenter size-large is-resized\"><a href=\"https:\/\/bmklonfat.ch\/wp\/wp-content\/uploads\/2025\/10\/1.png\"><img loading=\"lazy\" decoding=\"async\" width=\"722\" height=\"1024\" src=\"https:\/\/bmklonfat.ch\/wp\/wp-content\/uploads\/2025\/10\/1-722x1024.png\" alt=\"\" class=\"wp-image-424\" style=\"width:127px;height:auto\" srcset=\"https:\/\/bmklonfat.ch\/wp\/wp-content\/uploads\/2025\/10\/1-722x1024.png 722w, https:\/\/bmklonfat.ch\/wp\/wp-content\/uploads\/2025\/10\/1-212x300.png 212w, https:\/\/bmklonfat.ch\/wp\/wp-content\/uploads\/2025\/10\/1-768x1089.png 768w, https:\/\/bmklonfat.ch\/wp\/wp-content\/uploads\/2025\/10\/1-1083x1536.png 1083w, https:\/\/bmklonfat.ch\/wp\/wp-content\/uploads\/2025\/10\/1-8x12.png 8w, https:\/\/bmklonfat.ch\/wp\/wp-content\/uploads\/2025\/10\/1.png 1410w\" sizes=\"(max-width: 722px) 100vw, 722px\" \/><\/a><\/figure>\n<\/div>\n\n\n<p>Et si nos blessures n&#8217;\u00e9taient pas seulement une fatalit\u00e9 qui influence de mani\u00e8re consciente ou inconsciente notre vie et nos d\u00e9cisions? Vous feriez quoi, si vous aviez le pouvoir de remonter dans le temps et d&#8217;aller assister et aider vous-m\u00eame dans votre parcours de vie? De gu\u00e9rir m\u00eame l\u00e0, o\u00f9 rien d&#8217;autre ne peux aider. Non pas pour \u00e9viter la souffrance, mais pour permettre une vie plus \u00e9panouie pour vous dans le present. <\/p>\n\n\n\n<p>Vous feriez quoi? <\/p>\n\n\n\n<p>Voil\u00e0 le concept de ce livre et la tentative d&#8217;imaginer un monde autre que celui des cicatrices sublim\u00e9es, mais une acceptation profonde vers une vie nouvelle. <\/p>\n\n\n\n<div class=\"wp-block-group alignfull\"><div class=\"wp-block-group__inner-container is-layout-constrained wp-block-group-is-layout-constrained\">\n<div class=\"wp-block-buttons alignfull is-content-justification-center is-layout-flex wp-container-core-buttons-is-layout-16018d1d wp-block-buttons-is-layout-flex\">\n<div class=\"wp-block-button\"><a class=\"wp-block-button__link has-background has-medium-font-size has-custom-font-size wp-element-button\" href=\"https:\/\/wildsoulwords.com\/product\/fissures-dorees\/\" style=\"background-color:#9956ab\">Commander exemplaire sign\u00e9<\/a><\/div>\n<\/div>\n\n\n\n<div style=\"height:55px\" aria-hidden=\"true\" class=\"wp-block-spacer\"><\/div>\n\n\n\n<div class=\"wp-block-buttons alignfull has-custom-font-size has-small-font-size is-horizontal is-content-justification-center is-layout-flex wp-container-core-buttons-is-layout-499968f5 wp-block-buttons-is-layout-flex\">\n<div class=\"wp-block-button\"><a class=\"wp-block-button__link has-background wp-element-button\" href=\"https:\/\/www.amazon.fr\/dp\/2839948311\/ref=tmm_pap_swatch_0?_encoding=UTF8&amp;dib_tag=se&amp;dib=eyJ2IjoiMSJ9.GveZftcFDOzRiRRgauc7sVURGH5pkqUltApH5RJE_Chgy7CqECb4kUXXiEozzByzLPmYBzz9BEMCjdcSfWkM-9rzeBWkSLHufjP5ObAmWL4YT-51SiqNhygdjEFpxrIBsJagQ-9tA20MNiQO8H81U1xHfKAQdCgOxaH6sC1wk60RirRQNiN3tWXeIrlxB_fVco20RFiL9rkLV5JB9UCe5e2tZVNg8cai-WDCJ6kJSOLaIGmqS8e0-HLXXGhfDMbJvwS-STAcSHogmqcl0xqJo0oc72svGrK6cKz7TjXRT28.eYfMKR6iHFauout236eH1P17e4WBv9bZ-sxXOLjhl-U&amp;qid=1760090937&amp;sr=8-3\" style=\"background-color:#9956ab\">Version digitale Kindle EPUB<\/a><\/div>\n\n\n\n<div class=\"wp-block-button\"><a class=\"wp-block-button__link has-background wp-element-button\" style=\"background-color:#9956ab\">Version digitale PDF<\/a><\/div>\n\n\n\n<div class=\"wp-block-button\"><a class=\"wp-block-button__link has-background wp-element-button\" href=\"https:\/\/www.kobo.com\/ch\/fr\/ebook\/fissures-dorees\" style=\"background-color:#9956ab\">Version Kobo <\/a><\/div>\n<\/div>\n\n\n\n<div style=\"height:55px\" aria-hidden=\"true\" class=\"wp-block-spacer\"><\/div>\n\n\n\n<p>En favorisant une commande chez l&#8217;autrice, vous b\u00e9n\u00e9ficiez d&#8217;un rapport personnel avec moi, d&#8217;une copie sign\u00e9e du livre et une note personnelle (si souhait\u00e9). Toutes les pr\u00e9commandes sont \u00e9galement accompagn\u00e9 d&#8217;un marque page personnalis\u00e9 fabriqu\u00e9 \u00e0 main pour le livre, et des petits aquarelles faites par l&#8217;autrice. <\/p>\n\n\n\n<p class=\"has-text-align-center has-small-font-size\"><strong>Envoi<\/strong>: Les envois se font une \u00e0 deux fois par semaine. Merci pour votre patience. <\/p>\n\n\n\n<div style=\"height:131px\" aria-hidden=\"true\" class=\"wp-block-spacer\"><\/div>\n\n\n\n<h3 class=\"wp-block-heading\">Commander en ligne et ailleurs<\/h3>\n\n\n\n<div class=\"wp-block-buttons alignfull has-custom-font-size has-small-font-size is-horizontal is-content-justification-center is-layout-flex wp-container-core-buttons-is-layout-499968f5 wp-block-buttons-is-layout-flex\">\n<div class=\"wp-block-button\"><a class=\"wp-block-button__link has-background wp-element-button\" href=\"https:\/\/www.amazon.fr\/dp\/2839948311\/ref=tmm_pap_swatch_0?_encoding=UTF8&amp;dib_tag=se&amp;dib=eyJ2IjoiMSJ9.GveZftcFDOzRiRRgauc7sVURGH5pkqUltApH5RJE_Chgy7CqECb4kUXXiEozzByzLPmYBzz9BEMCjdcSfWkM-9rzeBWkSLHufjP5ObAmWL4YT-51SiqNhygdjEFpxrIBsJagQ-9tA20MNiQO8H81U1xHfKAQdCgOxaH6sC1wk60RirRQNiN3tWXeIrlxB_fVco20RFiL9rkLV5JB9UCe5e2tZVNg8cai-WDCJ6kJSOLaIGmqS8e0-HLXXGhfDMbJvwS-STAcSHogmqcl0xqJo0oc72svGrK6cKz7TjXRT28.eYfMKR6iHFauout236eH1P17e4WBv9bZ-sxXOLjhl-U&amp;qid=1760090937&amp;sr=8-3\" style=\"background-color:#9956ab\">&#8230; sur amazon<\/a><\/div>\n\n\n\n<div class=\"wp-block-button\"><a class=\"wp-block-button__link has-background wp-element-button\" style=\"background-color:#9956ab\">(bient\u00f4t)&#8230; sur Payot<\/a><\/div>\n\n\n\n<div class=\"wp-block-button\"><a class=\"wp-block-button__link has-background wp-element-button\" style=\"background-color:#9956ab\">(Bient\u00f4t)&#8230; sur chapitre.com<\/a><\/div>\n<\/div>\n\n\n\n<h3 class=\"wp-block-heading\">en version digitale<\/h3>\n\n\n\n<div class=\"wp-block-buttons alignfull has-custom-font-size has-small-font-size is-horizontal is-content-justification-center is-layout-flex wp-container-core-buttons-is-layout-499968f5 wp-block-buttons-is-layout-flex\">\n<div class=\"wp-block-button\"><a class=\"wp-block-button__link has-background wp-element-button\" href=\"https:\/\/play.google.com\/store\/books\/details?id=JtuMEQAAQBAJ\" style=\"background-color:#9956ab\">&#8230; sur Google Play<\/a><\/div>\n\n\n\n<div class=\"wp-block-button\"><a class=\"wp-block-button__link has-background wp-element-button\" style=\"background-color:#9956ab\">&#8230; sur Kobo<\/a><\/div>\n\n\n\n<div class=\"wp-block-button\"><a class=\"wp-block-button__link has-background wp-element-button\" href=\"https:\/\/www.amazon.fr\/dp\/B0FVFNHXZD\/ref=tmm_kin_swatch_0?_encoding=UTF8&amp;dib_tag=se&amp;dib=eyJ2IjoiMSJ9.GveZftcFDOzRiRRgauc7sVURGH5pkqUltApH5RJE_Chgy7CqECb4kUXXiEozzByzLPmYBzz9BEMCjdcSfWkM-9rzeBWkSLHufjP5ObAmWL4YT-51SiqNhygdjEFpxrIBsJagQ-9tA20MNiQO8H81U1xHfKAQdCgOxaH6sC1wk60RirRQNiN3tWXeIrlxB_fVco20RFiL9rkLV5JB9UCe5e2tZVNg8cai-WDCJ6kJSOLaIGmqS8e0-HLXXGhfDMbJvwS-STAcSHogmqcl0xqJo0oc72svGrK6cKz7TjXRT28.eYfMKR6iHFauout236eH1P17e4WBv9bZ-sxXOLjhl-U&amp;qid=1760090937&amp;sr=8-3\" style=\"background-color:#9956ab\">&#8230; sur Kindle<\/a><\/div>\n<\/div>\n\n\n\n<div style=\"height:74px\" aria-hidden=\"true\" class=\"wp-block-spacer\"><\/div>\n<\/div><\/div>\n\n\n\n<p><strong>Nous portons tous en nous des blessures anciennes.<br>Elles nous p\u00e8sent, nous freinent, parfois nous \u00e9touffent.<br>Mais elles ne sont pas une fin. Elles sont un commencement.<\/strong><\/p>\n\n\n\n<p><br>Dans <em>Fissures dor\u00e9es \u2013 Histoires d\u2019un c\u0153ur alchimis\u00e9<\/em>, l\u2019autrice partage un chemin de gu\u00e9rison et de renaissance. Entre confidences intimes et langage du symbole, elle raconte comment il est possible de traverser les blessures d\u2019enfance et les cicatrices invisibles pour retrouver un c\u0153ur libre, ouvert et confiant.<br>Ce livre n\u2019est pas un trait\u00e9 th\u00e9orique, mais une main tendue : un compagnon de route pour celles et ceux qui cherchent \u00e0 se relever, \u00e0 croire de nouveau \u00e0 l\u2019amour, et \u00e0 offrir \u00e0 leur vie un nouveau d\u00e9part. Loin des injonctions de performance et des promesses faciles, il propose une voie patiente, imag\u00e9e, nourrie par l\u2019imaginaire et les mythes, o\u00f9 chaque douleur peut devenir force et chaque silence se transformer en chant d\u2019esp\u00e9rance.<\/p>\n\n\n\n<p><br>Chaleureux et inspirant, Fissures dor\u00e9es ouvre l\u2019horizon d\u2019une joie simple : celle de se r\u00e9concilier avec son histoire, de tisser de nouveaux liens avec soi et avec les autres, et de red\u00e9couvrir la douceur d\u2019un c\u0153ur all\u00e9g\u00e9 de ses ombres et ainsi la possibilit\u00e9 de changer le monde.<\/p>\n\n\n\n<p><br>Avec la pr\u00e9face de <strong>Marianne Grasselli Meier<\/strong>, autrice de <em>En qu\u00eate de M\u00e8re \u2013 Elle n\u2019avait pas d\u2019\u00e2ge.<\/em><\/p>\n\n\n\n<h4 class=\"wp-block-heading\">Mots cl\u00e9s:<\/h4>\n\n\n<div class=\"wp-block-image\">\n<figure class=\"alignright size-large is-resized\"><a href=\"https:\/\/bmklonfat.ch\/wp\/wp-content\/uploads\/2025\/10\/1.png\"><img loading=\"lazy\" decoding=\"async\" width=\"722\" height=\"1024\" src=\"https:\/\/bmklonfat.ch\/wp\/wp-content\/uploads\/2025\/10\/1-722x1024.png\" alt=\"\" class=\"wp-image-424\" style=\"width:442px;height:auto\" srcset=\"https:\/\/bmklonfat.ch\/wp\/wp-content\/uploads\/2025\/10\/1-722x1024.png 722w, https:\/\/bmklonfat.ch\/wp\/wp-content\/uploads\/2025\/10\/1-212x300.png 212w, https:\/\/bmklonfat.ch\/wp\/wp-content\/uploads\/2025\/10\/1-768x1089.png 768w, https:\/\/bmklonfat.ch\/wp\/wp-content\/uploads\/2025\/10\/1-1083x1536.png 1083w, https:\/\/bmklonfat.ch\/wp\/wp-content\/uploads\/2025\/10\/1-8x12.png 8w, https:\/\/bmklonfat.ch\/wp\/wp-content\/uploads\/2025\/10\/1.png 1410w\" sizes=\"(max-width: 722px) 100vw, 722px\" \/><\/a><\/figure>\n<\/div>\n\n\n<ul class=\"wp-block-list\">\n<li>transformation personnelle<\/li>\n\n\n\n<li>alchimie du c\u0153ur<\/li>\n\n\n\n<li>blessures d\u2019enfance<\/li>\n\n\n\n<li>renaissance<\/li>\n\n\n\n<li>r\u00e9silience<\/li>\n\n\n\n<li>symbolisme<\/li>\n\n\n\n<li>spiritualit\u00e9 vivante<\/li>\n\n\n\n<li>Reflexion philosophique<\/li>\n\n\n\n<li>mythe et imaginaire<\/li>\n\n\n\n<li>voyage int\u00e9rieur<\/li>\n\n\n\n<li>c\u0153ur bless\u00e9<\/li>\n\n\n\n<li>m\u00e9tamorphose<\/li>\n\n\n\n<li>chemin spirituel<\/li>\n\n\n\n<li>po\u00e9sie de l\u2019\u00e2me<\/li>\n\n\n\n<li>kintsugi int\u00e9rieur<\/li>\n\n\n\n<li>confiance retrouv\u00e9e<\/li>\n\n\n\n<li>amour et ouverture<\/li>\n\n\n\n<li>r\u00e9conciliation avec soi<\/li>\n\n\n\n<li>cicatrices lumineuses<\/li>\n\n\n\n<li>nouvelle vie<\/li>\n<\/ul>\n\n\n\n<blockquote class=\"wp-block-quote is-layout-flow wp-block-quote-is-layout-flow\">\n<p class=\"has-background\" style=\"background-color:#fff2d5\"><em>Recommencer. Laisser du temps \u00e0 la vie pour se creuser un chemin, creuser un ravin, creuser un espace, creuser un nid, creuser l\u2019estuaire pour retrouver l\u2019oc\u00e9an. Laisser la vie derri\u00e8re, ramasser les petites parties, et retrouver la vie universelle.<br><br>Non, survie, revenir \u00e0 la conscience, revenir \u00e0 la croissance.<br><br>Survie.<br><br>Sur Vie.<br><br>Sur la Vie.<br><br>Cette attente port\u00e9e sur moi, alors que mon \u00e2me est \u00e0 peine ancr\u00e9e \u00e0 ce corps, cet amas de cellules qui ne sait pas encore fonctionner bien.<br><br>Qui ne le saura jamais vraiment \u00e0 tant de niveaux, comme tous les autres.<br><br>Survie, gamine. Vis !<\/em><\/p>\n<\/blockquote>\n\n\n\n<p><\/p>","protected":false},"excerpt":{"rendered":"<p>Histoire d&#8217;un coeur alchimis\u00e9 Et si nos blessures n&#8217;\u00e9taient pas seulement une fatalit\u00e9 qui influence de mani\u00e8re consciente ou inconsciente notre vie et nos d\u00e9cisions? Vous feriez quoi, si vous aviez le pouvoir de remonter dans le temps et d&#8217;aller assister et aider vous-m\u00eame dans votre parcours de vie? De gu\u00e9rir m\u00eame l\u00e0, o\u00f9 rien d&#8217;autre ne peux aider. Non pas pour \u00e9viter la souffrance, mais pour permettre une vie plus \u00e9panouie pour vous dans le present. Vous feriez quoi? Voil\u00e0 le concept de ce livre et la tentative d&#8217;imaginer un monde autre que celui des cicatrices sublim\u00e9es, mais une acceptation profonde vers une vie nouvelle. En favorisant une commande &hellip; <\/p>\n<p class=\"link-more\"><a href=\"https:\/\/bmklonfat.ch\/fr\/fissures-dorees\/\" class=\"more-link\">Lire la suite de<span class=\"screen-reader-text\">\u00ab\u00a0Fissures dor\u00e9es\u00a0\u00bb<\/span><\/a><\/p>","protected":false},"author":1,"featured_media":0,"parent":0,"menu_order":0,"comment_status":"closed","ping_status":"closed","template":"","meta":{"_et_pb_use_builder":"","_et_pb_old_content":"","_et_gb_content_width":"","footnotes":""},"class_list":["post-430","page","type-page","status-publish","hentry"],"jetpack_sharing_enabled":true,"jetpack_shortlink":"https:\/\/wp.me\/P5Ky59-6W","_links":{"self":[{"href":"https:\/\/bmklonfat.ch\/fr\/wp-json\/wp\/v2\/pages\/430","targetHints":{"allow":["GET"]}}],"collection":[{"href":"https:\/\/bmklonfat.ch\/fr\/wp-json\/wp\/v2\/pages"}],"about":[{"href":"https:\/\/bmklonfat.ch\/fr\/wp-json\/wp\/v2\/types\/page"}],"author":[{"embeddable":true,"href":"https:\/\/bmklonfat.ch\/fr\/wp-json\/wp\/v2\/users\/1"}],"replies":[{"embeddable":true,"href":"https:\/\/bmklonfat.ch\/fr\/wp-json\/wp\/v2\/comments?post=430"}],"version-history":[{"count":25,"href":"https:\/\/bmklonfat.ch\/fr\/wp-json\/wp\/v2\/pages\/430\/revisions"}],"predecessor-version":[{"id":521,"href":"https:\/\/bmklonfat.ch\/fr\/wp-json\/wp\/v2\/pages\/430\/revisions\/521"}],"wp:attachment":[{"href":"https:\/\/bmklonfat.ch\/fr\/wp-json\/wp\/v2\/media?parent=430"}],"curies":[{"name":"wp","href":"https:\/\/api.w.org\/{rel}","templated":true}]}}