{"id":535,"date":"2026-05-13T06:46:25","date_gmt":"2026-05-13T06:46:25","guid":{"rendered":"https:\/\/bmklonfat.ch\/?page_id=535"},"modified":"2026-05-13T06:48:04","modified_gmt":"2026-05-13T06:48:04","slug":"current-projects","status":"publish","type":"page","link":"https:\/\/bmklonfat.ch\/fr\/current-projects\/","title":{"rendered":"Current Projects &#8211; Projets en cours"},"content":{"rendered":"\n[et_pb_section fb_built=&#8221;1&#8243; theme_builder_area=&#8221;post_content&#8221; _builder_version=&#8221;4.27.5&#8243; _module_preset=&#8221;default&#8221;][et_pb_row _builder_version=&#8221;4.27.5&#8243; _module_preset=&#8221;default&#8221; column_structure=&#8221;1_3,1_3,1_3&#8243; theme_builder_area=&#8221;post_content&#8221;][et_pb_column _builder_version=&#8221;4.27.5&#8243; _module_preset=&#8221;default&#8221; type=&#8221;1_3&#8243; theme_builder_area=&#8221;post_content&#8221;][et_pb_text _builder_version=&#8221;4.27.5&#8243; _module_preset=&#8221;default&#8221; theme_builder_area=&#8221;post_content&#8221; hover_enabled=&#8221;0&#8243; sticky_enabled=&#8221;0&#8243;]<h3 style=\"text-align: center;\">&#8220;Elles avaient un nom.&#8221; <br \/>&#8211; Les Sorci\u00e8res de Suisse condamn\u00e9 en justice<\/h3>\n<p>&nbsp;<\/p>\n<p>Le th\u00e8me est d&#8217;acutalit\u00e9 r\u00e9guli\u00e8re dans les m\u00e9dias et dans les t\u00eates du public, mais le r\u00e9alit\u00e9 la plus basique humaine est trop souvent mis de cot\u00e9: les noms des sorcieres de Suisse condamn\u00e9s et tu\u00e9s pendant la chasse aux sorci\u00e8res entre le 13e et 19e si\u00e8cle.\u00a0<\/p>\n<p>Depuis 2025, je travaille sur le r\u00e9pertoire d&#8217;une liste &#8211; nominale o\u00f9 possible &#8211; des sorci\u00e8res et personnes condamn\u00e9es et exectu\u00e9 sous le jugement &#8216;sorci\u00e8re&#8217; rendu par la partie civile des divers cantons suisses en d\u00e9pouillant les archives de proc\u00e8s et notes de condamnations.\u00a0<\/p>\n<p><span style=\"text-decoration: underline;\">Statut actuel<\/span>:<\/p>\n<p>&#8211; Etablissement d&#8217;une bibliographie raisonn\u00e9e des acts de condamnation dans les archives Suisses et une liste de contact pour les personnes int\u00e9ress\u00e9es \u00e0 travailler sur ce th\u00e8me.<\/p>\n<p>&#8211; Liste des personnes condamn\u00e9es en Romandie (VS, GE, FR)<\/p>\n<p>&nbsp;<\/p>\n[\/et_pb_text][\/et_pb_column][et_pb_column _builder_version=&#8221;4.27.5&#8243; _module_preset=&#8221;default&#8221; type=&#8221;1_3&#8243; theme_builder_area=&#8221;post_content&#8221;][et_pb_text _builder_version=&#8221;4.27.5&#8243; _module_preset=&#8221;default&#8221; theme_builder_area=&#8221;post_content&#8221; hover_enabled=&#8221;0&#8243; sticky_enabled=&#8221;0&#8243;]<h3 style=\"text-align: center;\">Menopause Rituals<\/h3>\n<p>&nbsp;<\/p>\n<p>Monography on diverse menopause rituals across different cultures and spiritual traditions.\u00a0<\/p>\n<p>Since the beginning of 2025, I have been delving into different rituals marking menopause as a transitional period of a woman&#8217;s life and how it impacts all aspects of the spiritual and psychological\u00a0<em>persona<\/em> of a woman and the ways different cultures account for this initiatory stage of life.\u00a0<\/p>\n<p>At a time where Western culture is asked to reframe this phase as a true stage and part of life rather than an after-thought and older women are asking to be heard, this work aims to contextualise the passage into the mature age with the need for ritual and how its absence in Western culture and society standards is at the root misunderstanding and cohesion between generations and genders and sexes.<\/p>\n<p><span style=\"text-decoration: underline;\">Status<\/span>:\u00a0<\/p>\n<p>Within a few months, this has taken on a different size than expected and I am thinking of making this into a research project at uni.\u00a0<\/p>\n<p>&nbsp;<\/p>\n<p>&nbsp;<\/p>\n[\/et_pb_text][\/et_pb_column][et_pb_column _builder_version=&#8221;4.27.5&#8243; _module_preset=&#8221;default&#8221; type=&#8221;1_3&#8243; theme_builder_area=&#8221;post_content&#8221;][et_pb_text _builder_version=&#8221;4.27.5&#8243; _module_preset=&#8221;default&#8221; theme_builder_area=&#8221;post_content&#8221; hover_enabled=&#8221;0&#8243; sticky_enabled=&#8221;0&#8243;]<h3 style=\"text-align: center;\"><em>Mundus imaginalis<\/em> <br \/>and Caring for the Soul<\/h3>\n<p>&nbsp;<\/p>\n<p>Delving back into Jung and the need for creative context for spiritual soul expression and how this relates back to healthy boundaries. Having joined the Nostos Institute for a collective exploration of these topics around myth, around contemplation, and active imagination and how this impacts a spiritual practice, I am most interested to see where the god of the philosophers lives now, for me after 30 years as a practicing Druid and having just come out of a spiritual practice that has devolved into cult-like followings.\u00a0<\/p>\n<p>There will be traces of this (mixed with my ongoing practice of the Green Tara devotion in a specific Tibetan tradition and continued learning in Daoism) in my writing and it will be interesting to see. At the moment, a huge silence is blocking off most of my words though.\u00a0<\/p>\n<p><span style=\"text-decoration: underline;\">Status<\/span>: ongoing exploration<\/p>\n<p>&nbsp;<\/p>\n[\/et_pb_text][\/et_pb_column][\/et_pb_row][\/et_pb_section]\n","protected":false},"excerpt":{"rendered":"<p>&#8220;Elles avaient un nom.&#8221; &#8211; Les Sorci\u00e8res de Suisse condamn\u00e9 en justice &nbsp; Le th\u00e8me est d&#8217;acutalit\u00e9 r\u00e9guli\u00e8re dans les m\u00e9dias et dans les t\u00eates du public, mais le r\u00e9alit\u00e9 la plus basique humaine est trop souvent mis de cot\u00e9: les noms des sorcieres de Suisse condamn\u00e9s et tu\u00e9s pendant la chasse aux sorci\u00e8res entre le 13e et 19e si\u00e8cle.\u00a0 Depuis 2025, je travaille sur le r\u00e9pertoire d&#8217;une liste &#8211; nominale o\u00f9 possible &#8211; des sorci\u00e8res et personnes condamn\u00e9es et exectu\u00e9 sous le jugement &#8216;sorci\u00e8re&#8217; rendu par la partie civile des divers cantons suisses en d\u00e9pouillant les archives de proc\u00e8s et notes de condamnations.\u00a0 Statut actuel: &#8211; Etablissement d&#8217;une&#8230;<\/p>","protected":false},"author":1,"featured_media":0,"parent":0,"menu_order":0,"comment_status":"closed","ping_status":"closed","template":"","meta":{"_et_pb_use_builder":"on","_et_pb_old_content":"","_et_gb_content_width":"","footnotes":""},"class_list":["post-535","page","type-page","status-publish","hentry"],"jetpack_sharing_enabled":true,"jetpack_shortlink":"https:\/\/wp.me\/P5Ky59-8D","_links":{"self":[{"href":"https:\/\/bmklonfat.ch\/fr\/wp-json\/wp\/v2\/pages\/535","targetHints":{"allow":["GET"]}}],"collection":[{"href":"https:\/\/bmklonfat.ch\/fr\/wp-json\/wp\/v2\/pages"}],"about":[{"href":"https:\/\/bmklonfat.ch\/fr\/wp-json\/wp\/v2\/types\/page"}],"author":[{"embeddable":true,"href":"https:\/\/bmklonfat.ch\/fr\/wp-json\/wp\/v2\/users\/1"}],"replies":[{"embeddable":true,"href":"https:\/\/bmklonfat.ch\/fr\/wp-json\/wp\/v2\/comments?post=535"}],"version-history":[{"count":3,"href":"https:\/\/bmklonfat.ch\/fr\/wp-json\/wp\/v2\/pages\/535\/revisions"}],"predecessor-version":[{"id":542,"href":"https:\/\/bmklonfat.ch\/fr\/wp-json\/wp\/v2\/pages\/535\/revisions\/542"}],"wp:attachment":[{"href":"https:\/\/bmklonfat.ch\/fr\/wp-json\/wp\/v2\/media?parent=535"}],"curies":[{"name":"wp","href":"https:\/\/api.w.org\/{rel}","templated":true}]}}