{"id":82,"date":"2018-03-22T14:03:39","date_gmt":"2018-03-22T14:03:39","guid":{"rendered":"http:\/\/bmklonfat.ch\/onetone-front-page\/"},"modified":"2024-07-24T14:13:00","modified_gmt":"2024-07-24T14:13:00","slug":"onetone-front-page","status":"publish","type":"page","link":"https:\/\/bmklonfat.ch\/fr\/onetone-front-page\/","title":{"rendered":"B\u00e9n\u00e9dictions lumineuses"},"content":{"rendered":"<p>Lorsque des pas doux exigent des \u00e2mes et des coeurs plus doux encore... lorsque dans les b\u00e9n\u00e9dictions du vent et de l'air, ton \u00eatre est appel\u00e9 \u00e0 \u00e9couter... la magie se produit. <\/p>\n\n\n\n<div class=\"wp-block-columns is-layout-flex wp-container-core-columns-is-layout-9d6595d7 wp-block-columns-is-layout-flex\">\n<div class=\"wp-block-column is-layout-flow wp-block-column-is-layout-flow\">\n<h3 class=\"wp-block-heading has-text-align-center\">Agence Philosophique <br>&amp; Wild Soul Words<\/h3>\n\n\n\n<p class=\"has-text-align-center\">\u00catre philosophe-femme est un \u00e9tat d'esprit et un mode de vie plut\u00f4t qu'un travail. Cette expertise me permet de t'accompagner dans toutes tes id\u00e9es et tes processus cr\u00e9atifs en tant que muse professionnelle, r\u00e9dactrice et traductrice. <\/p>\n\n\n\n<div style=\"height:78px\" aria-hidden=\"true\" class=\"wp-block-spacer\"><\/div>\n\n\n\n<div class=\"wp-block-buttons is-content-justification-center is-layout-flex wp-container-core-buttons-is-layout-14c487f4 wp-block-buttons-is-layout-flex\">\n<div class=\"wp-block-button has-custom-width wp-block-button__width-75 has-custom-font-size has-small-font-size\"><a class=\"wp-block-button__link has-background wp-element-button\" href=\"https:\/\/agencephilosophique.ch\" style=\"background-color:#66236ea8\">Apprendre plus<\/a><\/div>\n<\/div>\n<\/div>\n\n\n\n<div class=\"wp-block-column is-layout-flow wp-block-column-is-layout-flow\">\n<h3 class=\"wp-block-heading has-text-align-center\">Oracle de la For\u00eat \u2013 Travail \u00e9nerg\u00e9tique et Espace Temple<\/h3>\n\n\n\n<p class=\"has-text-align-center\">Travailleuse \u00e9nerg\u00e9tique et femme pa\u00efenne passionn\u00e9e et mystique depuis pr\u00e8s de 30 ans, tous tes besoins \u00e9nerg\u00e9tiques trouvent un c\u0153ur ouvert avec moi. <br><br>From personal energy healings to spiritual guidance and mentoring. <\/p>\n\n\n\n<div style=\"height:31px\" aria-hidden=\"true\" class=\"wp-block-spacer\"><\/div>\n\n\n\n<div class=\"wp-block-buttons is-content-justification-center is-layout-flex wp-container-core-buttons-is-layout-14c487f4 wp-block-buttons-is-layout-flex\">\n<div class=\"wp-block-button has-custom-font-size aligncenter has-small-font-size\"><a class=\"wp-block-button__link has-background wp-element-button\" href=\"https:\/\/oracledelaforet.ch\" style=\"background-color:#66236ea8\">Apprendre plus<\/a><\/div>\n<\/div>\n<\/div>\n\n\n\n<div class=\"wp-block-column is-layout-flow wp-block-column-is-layout-flow\">\n<h3 class=\"wp-block-heading has-text-align-center\">Well of Wonders<br>Enseignements en ligne<\/h3>\n\n\n\n<p class=\"has-text-align-center\">J'enseigne \u00e9galement, que ce soit en tant qu'\u00e9thicienne ou philosophe, coach de vie, ma\u00eetre Reiki (Usui Ryoho, Karuna Ki, Forest Reiki\u00ae), en tant qu'enseignante Moon Mother\u00ae par mon enseignante spirituelle personnelle Miranda Gray ou en tant que druide \u00e0 part enti\u00e8re (OBOD), viens apprendre les cycles naturels et le monde qui t'entoure et pourquoi ton corps est la premi\u00e8re \u00e9tape vers toute la sagesse dont tu peux avoir besoin. <\/p>\n\n\n\n<div class=\"wp-block-buttons alignwide is-content-justification-center is-layout-flex wp-container-core-buttons-is-layout-14c487f4 wp-block-buttons-is-layout-flex\">\n<div class=\"wp-block-button has-custom-font-size aligncenter has-small-font-size\"><a class=\"wp-block-button__link has-background wp-element-button\" href=\"https:\/\/bmklonfat.podia.com\" style=\"background-color:#66236ea8\">Apprendre plus<\/a><\/div>\n<\/div>\n<\/div>\n<\/div>\n\n\n\n<hr class=\"wp-block-separator has-alpha-channel-opacity has-blush-light-purple-gradient-background has-background is-style-wide\"\/>\n\n\n\n<p class=\"has-text-align-center has-medium-font-size\">Pour les s\u00e9ries et les \u00e9crits actuels, tu peux te rendre dans la section auteur de cette page. <\/p>\n\n\n\n<div class=\"wp-block-buttons is-content-justification-center is-layout-flex wp-container-core-buttons-is-layout-51f7783f wp-block-buttons-is-layout-flex\">\n<div class=\"wp-block-button has-custom-width wp-block-button__width-50 has-custom-font-size has-small-font-size\"><a class=\"wp-block-button__link has-blush-light-purple-gradient-background has-text-color has-background has-link-color wp-element-button\" href=\"https:\/\/bmklonfat.ch\/fr\/writings-texts-poetry\/\" style=\"color:#3d1166\">BMKLOnfat &#8211; Writings<\/a><\/div>\n\n\n\n<div class=\"wp-block-button has-custom-width wp-block-button__width-50 has-custom-font-size has-small-font-size\"><a class=\"wp-block-button__link has-blush-light-purple-gradient-background has-text-color has-background has-link-color wp-element-button\" href=\"https:\/\/bmklonfat.substack.com\" style=\"color:#3d1166\">BMKLOnfat &#8211; Substack<\/a><\/div>\n<\/div>\n\n\n\n<div style=\"height:71px\" aria-hidden=\"true\" class=\"wp-block-spacer\"><\/div>","protected":false},"excerpt":{"rendered":"<p>When soft foot steps call for softer souls and hearts&#8230; when in the blessings of wind and air, your being is called to listen&#8230; magic happens. Agence Philosophique &amp; Wild Soul Words Being a Philosopher is a state of mind and a way of life rather than a job. This expertise allows me to support you through all your ideas and creative processes as a professional muse, editor and translator. Oracle de la For\u00eat &#8211; Energy Work and Temple Space Energy worker and passionate pagan woman and mystic for almost 30 years, all your energetic needs find an open heart with me. From personal energy healings to spiritual guidance and &hellip; <\/p>\n<p class=\"link-more\"><a href=\"https:\/\/bmklonfat.ch\/fr\/onetone-front-page\/\" class=\"more-link\">Lire la suite de<span class=\"screen-reader-text\">\u00ab\u00a0Bright Blessings\u00a0\u00bb<\/span><\/a><\/p>","protected":false},"author":1,"featured_media":0,"parent":0,"menu_order":0,"comment_status":"closed","ping_status":"closed","template":"","meta":{"_et_pb_use_builder":"","_et_pb_old_content":"","_et_gb_content_width":"","footnotes":""},"class_list":["post-82","page","type-page","status-publish","hentry"],"jetpack_sharing_enabled":true,"jetpack_shortlink":"https:\/\/wp.me\/P5Ky59-1k","_links":{"self":[{"href":"https:\/\/bmklonfat.ch\/fr\/wp-json\/wp\/v2\/pages\/82","targetHints":{"allow":["GET"]}}],"collection":[{"href":"https:\/\/bmklonfat.ch\/fr\/wp-json\/wp\/v2\/pages"}],"about":[{"href":"https:\/\/bmklonfat.ch\/fr\/wp-json\/wp\/v2\/types\/page"}],"author":[{"embeddable":true,"href":"https:\/\/bmklonfat.ch\/fr\/wp-json\/wp\/v2\/users\/1"}],"replies":[{"embeddable":true,"href":"https:\/\/bmklonfat.ch\/fr\/wp-json\/wp\/v2\/comments?post=82"}],"version-history":[{"count":20,"href":"https:\/\/bmklonfat.ch\/fr\/wp-json\/wp\/v2\/pages\/82\/revisions"}],"predecessor-version":[{"id":404,"href":"https:\/\/bmklonfat.ch\/fr\/wp-json\/wp\/v2\/pages\/82\/revisions\/404"}],"wp:attachment":[{"href":"https:\/\/bmklonfat.ch\/fr\/wp-json\/wp\/v2\/media?parent=82"}],"curies":[{"name":"wp","href":"https:\/\/api.w.org\/{rel}","templated":true}]}}